{"id":632,"date":"2024-09-23T14:48:08","date_gmt":"2024-09-23T14:48:08","guid":{"rendered":"https:\/\/www.pretheure.com\/?page_id=632"},"modified":"2025-05-09T17:25:06","modified_gmt":"2025-05-09T17:25:06","slug":"conditions-dutilisation","status":"publish","type":"page","link":"https:\/\/www.pretheure.com\/fr\/conditions-dutilisation\/","title":{"rendered":"Conditions d&rsquo;utilisation"},"content":{"rendered":"\t\t<div data-elementor-type=\"wp-page\" data-elementor-id=\"632\" class=\"elementor elementor-632\" data-elementor-post-type=\"page\">\n\t\t\t\t<div class=\"elementor-element elementor-element-2342d16 e-flex e-con-boxed e-con e-parent\" data-id=\"2342d16\" data-element_type=\"container\" data-settings=\"{&quot;background_background&quot;:&quot;classic&quot;}\">\n\t\t\t\t\t<div class=\"e-con-inner\">\n\t\t<div class=\"elementor-element elementor-element-897eb29 e-con-full e-flex e-con e-child\" data-id=\"897eb29\" data-element_type=\"container\" data-settings=\"{&quot;background_background&quot;:&quot;classic&quot;}\">\n\t\t\t\t<div class=\"elementor-element elementor-element-cc97fff elementor-widget elementor-widget-heading\" data-id=\"cc97fff\" data-element_type=\"widget\" data-widget_type=\"heading.default\">\n\t\t\t\t<div class=\"elementor-widget-container\">\n\t\t\t<style>\/*! elementor - v3.23.0 - 05-08-2024 *\/\n.elementor-heading-title{padding:0;margin:0;line-height:1}.elementor-widget-heading .elementor-heading-title[class*=elementor-size-]>a{color:inherit;font-size:inherit;line-height:inherit}.elementor-widget-heading .elementor-heading-title.elementor-size-small{font-size:15px}.elementor-widget-heading .elementor-heading-title.elementor-size-medium{font-size:19px}.elementor-widget-heading .elementor-heading-title.elementor-size-large{font-size:29px}.elementor-widget-heading .elementor-heading-title.elementor-size-xl{font-size:39px}.elementor-widget-heading .elementor-heading-title.elementor-size-xxl{font-size:59px}<\/style><h1 class=\"elementor-heading-title elementor-size-default\">Conditions g\u00e9n\u00e9rales d\u2019utilisation du site Internet\n<\/h1>\t\t<\/div>\n\t\t\t\t<\/div>\n\t\t\t\t<\/div>\n\t\t<div class=\"elementor-element elementor-element-7772175 e-con-full e-flex e-con e-child\" data-id=\"7772175\" data-element_type=\"container\">\n\t\t\t\t<div class=\"elementor-element elementor-element-6eacd70 elementor-widget elementor-widget-heading\" data-id=\"6eacd70\" data-element_type=\"widget\" data-widget_type=\"heading.default\">\n\t\t\t\t<div class=\"elementor-widget-container\">\n\t\t\t<h2 class=\"elementor-heading-title elementor-size-default\">Mentions l\u00e9gales<\/h2>\t\t<\/div>\n\t\t\t\t<\/div>\n\t\t\t\t<div class=\"elementor-element elementor-element-22ec15c elementor-widget elementor-widget-text-editor\" data-id=\"22ec15c\" data-element_type=\"widget\" data-widget_type=\"text-editor.default\">\n\t\t\t\t<div class=\"elementor-widget-container\">\n\t\t\t<style>\/*! elementor - v3.23.0 - 05-08-2024 *\/\n.elementor-widget-text-editor.elementor-drop-cap-view-stacked .elementor-drop-cap{background-color:#69727d;color:#fff}.elementor-widget-text-editor.elementor-drop-cap-view-framed .elementor-drop-cap{color:#69727d;border:3px solid;background-color:transparent}.elementor-widget-text-editor:not(.elementor-drop-cap-view-default) .elementor-drop-cap{margin-top:8px}.elementor-widget-text-editor:not(.elementor-drop-cap-view-default) .elementor-drop-cap-letter{width:1em;height:1em}.elementor-widget-text-editor .elementor-drop-cap{float:left;text-align:center;line-height:1;font-size:50px}.elementor-widget-text-editor .elementor-drop-cap-letter{display:inline-block}<\/style>\t\t\t\t<p>Le pr\u00e9sent site Web www.pretheure.com (le \u00ab Site \u00bb), ainsi que son contenu, sont la propri\u00e9t\u00e9 exclusive de Pr\u00eatheure et de ses filiales (collectivement la \u00ab Soci\u00e9t\u00e9 \u00bb), ayant une place d\u2019affaires au 6683 Jean Talon est #333, Montr\u00e9al, QC H1S 0A9.<\/p><p>Votre utilisation du pr\u00e9sent Site, ainsi que toutes les transactions ou demandes d\u2019information effectu\u00e9es par l\u2019entremise du Site, sont sujettes au respect des pr\u00e9sentes Conditions g\u00e9n\u00e9rales d\u2019utilisation du Site (les \u00ab Conditions \u00bb) et de la Politique de respect de la vie priv\u00e9e (la \u00ab Politique \u00bb).<\/p>\t\t\t\t\t\t<\/div>\n\t\t\t\t<\/div>\n\t\t\t\t<\/div>\n\t\t\t\t\t<\/div>\n\t\t\t\t<\/div>\n\t\t<div class=\"elementor-element elementor-element-37a6d06 e-flex e-con-boxed e-con e-parent\" data-id=\"37a6d06\" data-element_type=\"container\">\n\t\t\t\t\t<div class=\"e-con-inner\">\n\t\t\t\t<div class=\"elementor-element elementor-element-0c5da62 elementor-widget elementor-widget-heading\" data-id=\"0c5da62\" data-element_type=\"widget\" data-widget_type=\"heading.default\">\n\t\t\t\t<div class=\"elementor-widget-container\">\n\t\t\t<h2 class=\"elementor-heading-title elementor-size-default\">Conditions d\u2019utilisation<\/h2>\t\t<\/div>\n\t\t\t\t<\/div>\n\t\t\t\t<div class=\"elementor-element elementor-element-20553f3 elementor-widget elementor-widget-text-editor\" data-id=\"20553f3\" data-element_type=\"widget\" data-widget_type=\"text-editor.default\">\n\t\t\t\t<div class=\"elementor-widget-container\">\n\t\t\t\t\t\t\t<p>En acc\u00e9dant au Site, en l\u2019utilisant, en le consultant ou en y faisant des demandes d\u2019information ou de pr\u00eat, notamment via un formulaire en ligne, vous reconnaissez l\u2019applicabilit\u00e9 des pr\u00e9sentes Conditions et vous vous engagez \u00e0 les respecter et \u00e0 n\u2019effectuer aucune utilisation du pr\u00e9sent Site i) qui ne serait pas conforme aux lois applicables ou ii) qui pourrait nuire de quelque fa\u00e7on que ce soit \u00e0 la Soci\u00e9t\u00e9.<\/p><p>La Soci\u00e9t\u00e9 se r\u00e9serve le droit de modifier les Conditions \u00e0 tout moment, sans pr\u00e9avis. En poursuivant l\u2019utilisation et la consultation du pr\u00e9sent Site \u00e0 la suite de toute modification, vous acceptez les nouvelles Conditions g\u00e9n\u00e9rales d\u2019utilisation. Nous vous recommandons de consulter les Conditions en vigueur lors de toute utilisation du pr\u00e9sent Site.<\/p>\t\t\t\t\t\t<\/div>\n\t\t\t\t<\/div>\n\t\t\t\t<div class=\"elementor-element elementor-element-e3490f5 elementor-widget elementor-widget-heading\" data-id=\"e3490f5\" data-element_type=\"widget\" data-widget_type=\"heading.default\">\n\t\t\t\t<div class=\"elementor-widget-container\">\n\t\t\t<h2 class=\"elementor-heading-title elementor-size-default\">Droits d\u2019auteur<\/h2>\t\t<\/div>\n\t\t\t\t<\/div>\n\t\t\t\t<div class=\"elementor-element elementor-element-e94c113 elementor-widget elementor-widget-text-editor\" data-id=\"e94c113\" data-element_type=\"widget\" data-widget_type=\"text-editor.default\">\n\t\t\t\t<div class=\"elementor-widget-container\">\n\t\t\t\t\t\t\t<p>Le pr\u00e9sent Site ainsi que tous les logos, textes, graphiques, images, vid\u00e9os, trames sonores et tous les agencements des divers \u00e9l\u00e9ments pr\u00e9c\u00e9dents sont la propri\u00e9t\u00e9 de Pr\u00eatheure et sont prot\u00e9g\u00e9s en vertu de la l\u00e9gislation et de la r\u00e9glementation applicables en mati\u00e8re de propri\u00e9t\u00e9 intellectuelle et de protection des droits d\u2019auteur au Canada et ailleurs dans le monde.<\/p><p>Le contenu du pr\u00e9sent Site, incluant notamment tous les logos, textes, graphiques, images, vid\u00e9os, trames sonores ou tous autres \u00e9l\u00e9ments du pr\u00e9sent Site ne peuvent \u00eatre, en partie ou en totalit\u00e9, copi\u00e9s, reproduits, imprim\u00e9s, archiv\u00e9s, r\u00e9\u00e9dit\u00e9s, t\u00e9l\u00e9charg\u00e9s, affich\u00e9s, vendus, transf\u00e9r\u00e9s, transmis, modifi\u00e9s ou autrement diffus\u00e9s, sur format papier ou sur tout autre format connu ou \u00e0 venir, \u00e9lectronique ou autre, sans le consentement pr\u00e9alable \u00e9crit de la Soci\u00e9t\u00e9. Conditionnellement au respect des pr\u00e9sentes Conditions, vous pouvez toutefois visualiser et imprimer les \u00e9l\u00e9ments faisant partie du pr\u00e9sent Site \u00e0 des fins strictement personnelles et non commerciales.<\/p>\t\t\t\t\t\t<\/div>\n\t\t\t\t<\/div>\n\t\t\t\t<div class=\"elementor-element elementor-element-e61fc88 elementor-widget elementor-widget-heading\" data-id=\"e61fc88\" data-element_type=\"widget\" data-widget_type=\"heading.default\">\n\t\t\t\t<div class=\"elementor-widget-container\">\n\t\t\t<h2 class=\"elementor-heading-title elementor-size-default\">Marques de commerce<\/h2>\t\t<\/div>\n\t\t\t\t<\/div>\n\t\t\t\t<div class=\"elementor-element elementor-element-23584a3 elementor-widget elementor-widget-text-editor\" data-id=\"23584a3\" data-element_type=\"widget\" data-widget_type=\"text-editor.default\">\n\t\t\t\t<div class=\"elementor-widget-container\">\n\t\t\t\t\t\t\t<p>Les marques de commerce li\u00e9es \u00e0 Pr\u00eatheure pr\u00e9sentes sur le Site sont des marques de commerce qui sont la propri\u00e9t\u00e9 exclusive de la Soci\u00e9t\u00e9 ou utilis\u00e9es sous licence et sont prot\u00e9g\u00e9es en vertu de la l\u00e9gislation et de la r\u00e9glementation applicables en mati\u00e8re de marques de commerce au Canada et ailleurs dans le monde.<\/p><p>Aucun \u00e9l\u00e9ment du pr\u00e9sent Site ne doit \u00eatre interpr\u00e9t\u00e9 comme cr\u00e9ant, implicitement ou explicitement, une licence ou un quelconque droit d\u2019utilisation ou de reproduction de quelque marque de commerce que ce soit, sauf avec le consentement \u00e9crit pr\u00e9alable de la Soci\u00e9t\u00e9 ou de toute autre partie pouvant \u00eatre propri\u00e9taire de la ou des marques de commerce en question.<\/p>\t\t\t\t\t\t<\/div>\n\t\t\t\t<\/div>\n\t\t\t\t<div class=\"elementor-element elementor-element-d53c640 elementor-widget elementor-widget-heading\" data-id=\"d53c640\" data-element_type=\"widget\" data-widget_type=\"heading.default\">\n\t\t\t\t<div class=\"elementor-widget-container\">\n\t\t\t<h2 class=\"elementor-heading-title elementor-size-default\">Modification de l\u2019information pr\u00e9sent\u00e9e sur le Site<\/h2>\t\t<\/div>\n\t\t\t\t<\/div>\n\t\t\t\t<div class=\"elementor-element elementor-element-6eb13e8 elementor-widget elementor-widget-text-editor\" data-id=\"6eb13e8\" data-element_type=\"widget\" data-widget_type=\"text-editor.default\">\n\t\t\t\t<div class=\"elementor-widget-container\">\n\t\t\t\t\t\t\t<p>Veuillez noter que l\u2019information pr\u00e9sent\u00e9e sur le Site refl\u00e8te les donn\u00e9es dont elle disposait au moment de l\u2019\u00e9laboration du contenu du Site et sont donc diffus\u00e9es de bonne foi, \u00ab telles quelles \u00bb et sans aucune garantie ou condition.<\/p><p>Pr\u00eatheure ne pourra en aucun cas \u00eatre tenue responsable de tout dommage caus\u00e9 \u00e0 l\u2019utilisateur du pr\u00e9sent Site, \u00e0 son ordinateur ou \u00e0 ses donn\u00e9es ou de tout autre dommage, direct ou indirect, subi en relation directe ou indirecte avec l\u2019utilisation du pr\u00e9sent Site, incluant sans limitation en raison d\u2019une demande ou d\u2019une transaction effectu\u00e9e via le Site, ou l\u2019impossibilit\u00e9 d\u2019utiliser le pr\u00e9sent Site et \u00e0 cet effet, la Soci\u00e9t\u00e9 d\u00e9cline toute telle responsabilit\u00e9, incluant notamment, toute responsabilit\u00e9 en cas de dommages r\u00e9sultant de tous virus, vers ou programmes informatiques de nature invasive ou destructive. En aucun temps, la Soci\u00e9t\u00e9, ses actionnaires, administrateurs, employ\u00e9s ou mandataires ne sauraient \u00eatre responsables, envers quiconque, de tout dommage direct, indirect, accessoire, cons\u00e9cutif ou autre d\u00e9coulant ou qui a trait \u00e0 l\u2019utilisation du Site ou relativement \u00e0 son contenu. L\u2019utilisation du pr\u00e9sent Site et l\u2019interpr\u00e9tation des informations qu\u2019il contient est aux risques de l\u2019utilisateur.<\/p>\t\t\t\t\t\t<\/div>\n\t\t\t\t<\/div>\n\t\t\t\t<div class=\"elementor-element elementor-element-46f2c6a elementor-widget elementor-widget-heading\" data-id=\"46f2c6a\" data-element_type=\"widget\" data-widget_type=\"heading.default\">\n\t\t\t\t<div class=\"elementor-widget-container\">\n\t\t\t<h2 class=\"elementor-heading-title elementor-size-default\">Liens vers d\u2019autres sites<\/h2>\t\t<\/div>\n\t\t\t\t<\/div>\n\t\t\t\t<div class=\"elementor-element elementor-element-848d791 elementor-widget elementor-widget-text-editor\" data-id=\"848d791\" data-element_type=\"widget\" data-widget_type=\"text-editor.default\">\n\t\t\t\t<div class=\"elementor-widget-container\">\n\t\t\t\t\t\t\tLe Site pourrait contenir des liens vers d\u2019autres sites dont des tiers sont les propri\u00e9taires. Nous vous prions de noter que Pr\u00eatheure n\u2019exerce aucun contr\u00f4le sur le contenu de ces sites. Par cons\u00e9quent, la Soci\u00e9t\u00e9, ses actionnaires, administrateurs, employ\u00e9s ou mandataires ne peuvent pas \u00eatre tenus responsables des renseignements figurant sur de tels sites Web, et n\u2019offrent aucune garantie et ne font aucune d\u00e9claration, quelle qu\u2019elle soit, \u00e0 cet \u00e9gard. Ces liens ne sont fournis qu\u2019\u00e0 titre informatif et ne peuvent constituer un endossement ou une recommandation envers les entit\u00e9s vis\u00e9es par ces liens.\t\t\t\t\t\t<\/div>\n\t\t\t\t<\/div>\n\t\t\t\t<div class=\"elementor-element elementor-element-24a9f0a elementor-widget elementor-widget-heading\" data-id=\"24a9f0a\" data-element_type=\"widget\" data-widget_type=\"heading.default\">\n\t\t\t\t<div class=\"elementor-widget-container\">\n\t\t\t<h2 class=\"elementor-heading-title elementor-size-default\">Politique de respect de la vie priv\u00e9e<\/h2>\t\t<\/div>\n\t\t\t\t<\/div>\n\t\t\t\t<div class=\"elementor-element elementor-element-697a74e elementor-widget elementor-widget-text-editor\" data-id=\"697a74e\" data-element_type=\"widget\" data-widget_type=\"text-editor.default\">\n\t\t\t\t<div class=\"elementor-widget-container\">\n\t\t\t\t\t\t\t<p>Pr\u00eatheure accorde beaucoup d\u2019importance au respect de la vie priv\u00e9e de ses clients, employ\u00e9s et fournisseurs. C\u2019est dans cet objectif que la Soci\u00e9t\u00e9 a mis en place la pr\u00e9sente Politique de respect de la vie priv\u00e9e ayant comme objectif d\u2019encadrer les pratiques de la Soci\u00e9t\u00e9 en mati\u00e8re de collecte, d\u2019utilisation et de communication de renseignements personnels.<\/p><p>La pr\u00e9sente Politique fait \u00e9tat de la mani\u00e8re dont Pr\u00eatheure collecte, utilise, communique et prot\u00e8ge vos renseignements personnels. Les pratiques de la Soci\u00e9t\u00e9 en mati\u00e8re de respect de vos renseignements personnels sont conformes \u00e0 la Loi sur la Protection des renseignements personnels dans le secteur priv\u00e9 du Qu\u00e9bec et la Loi sur la protection des renseignements personnels et les documents \u00e9lectroniques (collectivement la \u00ab Loi \u00bb). Cette Politique ne s\u2019applique pas aux renseignements qui ne constituent pas des \u00ab renseignements personnels \u00bb au sens de la Loi.<\/p>\t\t\t\t\t\t<\/div>\n\t\t\t\t<\/div>\n\t\t\t\t<div class=\"elementor-element elementor-element-198641d elementor-widget elementor-widget-heading\" data-id=\"198641d\" data-element_type=\"widget\" data-widget_type=\"heading.default\">\n\t\t\t\t<div class=\"elementor-widget-container\">\n\t\t\t<h2 class=\"elementor-heading-title elementor-size-default\">Responsable de la protection des renseignements personnels<\/h2>\t\t<\/div>\n\t\t\t\t<\/div>\n\t\t\t\t<div class=\"elementor-element elementor-element-7ff2b16 elementor-widget elementor-widget-text-editor\" data-id=\"7ff2b16\" data-element_type=\"widget\" data-widget_type=\"text-editor.default\">\n\t\t\t\t<div class=\"elementor-widget-container\">\n\t\t\t\t\t\t\t<p>Les questions portant sur la pr\u00e9sente Politique et les proc\u00e9dures de la Soci\u00e9t\u00e9 en mati\u00e8re de respect de la vie priv\u00e9e peuvent \u00eatre adress\u00e9es au responsable du respect de la vie priv\u00e9e de la Soci\u00e9t\u00e9 aux coordonn\u00e9es suivantes :<\/p>\n<ul>\n<li>par courriel : info@pretheure.com<\/li>\n<\/ul>\t\t\t\t\t\t<\/div>\n\t\t\t\t<\/div>\n\t\t\t\t<div class=\"elementor-element elementor-element-679f864 elementor-widget elementor-widget-heading\" data-id=\"679f864\" data-element_type=\"widget\" data-widget_type=\"heading.default\">\n\t\t\t\t<div class=\"elementor-widget-container\">\n\t\t\t<h2 class=\"elementor-heading-title elementor-size-default\">Collecte de renseignements personnels<\/h2>\t\t<\/div>\n\t\t\t\t<\/div>\n\t\t\t\t<div class=\"elementor-element elementor-element-f8f80c3 elementor-widget elementor-widget-text-editor\" data-id=\"f8f80c3\" data-element_type=\"widget\" data-widget_type=\"text-editor.default\">\n\t\t\t\t<div class=\"elementor-widget-container\">\n\t\t\t\t\t\t\t<p>Aux fins des pr\u00e9sentes, \u00ab renseignements personnels \u00bb signifie notamment : tout renseignement concernant la situation personnelle ou mat\u00e9rielle d\u2019un individu identifi\u00e9 ou identifiable. Une personne identifiable est une personne qui peut \u00eatre identifi\u00e9e, directement ou indirectement, par r\u00e9f\u00e9rence \u00e0 un ou plusieurs \u00e9l\u00e9ments sp\u00e9cifiques, propres \u00e0 son identit\u00e9 physique, physiologique, psychique, \u00e9conomique, culturelle ou sociale.<\/p><p>Sans limiter la g\u00e9n\u00e9ralit\u00e9 de ce qui pr\u00e9c\u00e8de, les \u00ab renseignements personnels \u00bb incluent \u00e9galement vos nom, sexe, adresse (postale ou courriel), num\u00e9ros de t\u00e9l\u00e9phone, de mobile ou de t\u00e9l\u00e9copieur, votre employeur, vos revenus, votre num\u00e9ro d\u2019assurance sociale et vos num\u00e9ros de comptes bancaires, de m\u00eame que tout renseignement personnel fourni \u00e0 la Soci\u00e9t\u00e9 dans le but d\u2019obtenir un pr\u00eat.<\/p><p>De plus, la Soci\u00e9t\u00e9 peut collecter des renseignements personnels pour les fins suivantes :<\/p><ul><li>lorsque vous visitez l\u2019un des sites Web de Pr\u00eatheure ou faites des transactions sur ceux-ci;<\/li><li>lorsque vous faites une demande de pr\u00eat (notamment en remplissant le formulaire interactif en ligne ou en r\u00e9pondant aux questions de nos agents de service \u00e0 la client\u00e8le);<\/li><li>lorsque vous demandez de l\u2019information relativement \u00e0 l\u2019un de ses services;<\/li><li>lorsque vous communiquez avec le service \u00e0 la client\u00e8le de la Soci\u00e9t\u00e9 ou avec l\u2019un des employ\u00e9s ou mandataires de Pr\u00eatheure;<\/li><li>lorsque vous faites des commentaires ou des suggestions sur le Site ou sur les services.<\/li><\/ul><p>Soyez inform\u00e9 que les renseignements personnels seront notamment recueillis parce que vous serez invit\u00e9 \u00e0 remplir et \u00e0 soumettre un formulaire. Nous avons besoin de ces renseignements afin d\u2019offrir un soutien \u00e0 la client\u00e8le, d\u2019administrer les comptes des clients et\/ou vous offrir nos services. Il se peut que Pr\u00eatheure utilise ces renseignements \u00e0 des fins commerciales et de marketing.<\/p><p>Nous ne partageons aucun renseignement personnel de nos clients avec des tierces parties, \u00e0 l\u2019exception des fournisseurs de services internes et externes auxquels nous avons recours afin de simplifier ou de sous-traiter un ou plusieurs aspects des op\u00e9rations ayant trait aux affaires, aux produits et aux services que nous vous offrons, \u00e0 moins que vous nous en ayez donn\u00e9 l\u2019autorisation. Ces fournisseurs de services sont assujettis \u00e0 des ententes de confidentialit\u00e9 avec nous, ainsi qu\u2019\u00e0 d\u2019autres restrictions l\u00e9gales qui leur interdisent d\u2019utiliser les renseignements que nous leur fournissons \u00e0 d\u2019autres fins que pour faciliter une op\u00e9ration sp\u00e9cifique que vous aurez demand\u00e9e.<\/p>\t\t\t\t\t\t<\/div>\n\t\t\t\t<\/div>\n\t\t\t\t\t<\/div>\n\t\t\t\t<\/div>\n\t\t\t\t<\/div>\n\t\t","protected":false},"excerpt":{"rendered":"<p>Conditions g\u00e9n\u00e9rales d\u2019utilisation du site Internet Mentions l\u00e9gales Le pr\u00e9sent site Web www.pretheure.com (le \u00ab Site \u00bb), ainsi que son [&hellip;]<\/p>\n","protected":false},"author":4,"featured_media":0,"parent":0,"menu_order":0,"comment_status":"closed","ping_status":"closed","template":"","meta":{"site-sidebar-layout":"no-sidebar","site-content-layout":"","ast-site-content-layout":"full-width-container","site-content-style":"default","site-sidebar-style":"default","ast-global-header-display":"","ast-banner-title-visibility":"","ast-main-header-display":"","ast-hfb-above-header-display":"","ast-hfb-below-header-display":"","ast-hfb-mobile-header-display":"","site-post-title":"disabled","ast-breadcrumbs-content":"","ast-featured-img":"disabled","footer-sml-layout":"","theme-transparent-header-meta":"default","adv-header-id-meta":"","stick-header-meta":"","header-above-stick-meta":"","header-main-stick-meta":"","header-below-stick-meta":"","astra-migrate-meta-layouts":"set","ast-page-background-enabled":"default","ast-page-background-meta":{"desktop":{"background-color":"var(--ast-global-color-4)","background-image":"","background-repeat":"repeat","background-position":"center center","background-size":"auto","background-attachment":"scroll","background-type":"","background-media":"","overlay-type":"","overlay-color":"","overlay-opacity":"","overlay-gradient":""},"tablet":{"background-color":"","background-image":"","background-repeat":"repeat","background-position":"center center","background-size":"auto","background-attachment":"scroll","background-type":"","background-media":"","overlay-type":"","overlay-color":"","overlay-opacity":"","overlay-gradient":""},"mobile":{"background-color":"","background-image":"","background-repeat":"repeat","background-position":"center center","background-size":"auto","background-attachment":"scroll","background-type":"","background-media":"","overlay-type":"","overlay-color":"","overlay-opacity":"","overlay-gradient":""}},"ast-content-background-meta":{"desktop":{"background-color":"var(--ast-global-color-5)","background-image":"","background-repeat":"repeat","background-position":"center center","background-size":"auto","background-attachment":"scroll","background-type":"","background-media":"","overlay-type":"","overlay-color":"","overlay-opacity":"","overlay-gradient":""},"tablet":{"background-color":"var(--ast-global-color-5)","background-image":"","background-repeat":"repeat","background-position":"center center","background-size":"auto","background-attachment":"scroll","background-type":"","background-media":"","overlay-type":"","overlay-color":"","overlay-opacity":"","overlay-gradient":""},"mobile":{"background-color":"var(--ast-global-color-5)","background-image":"","background-repeat":"repeat","background-position":"center center","background-size":"auto","background-attachment":"scroll","background-type":"","background-media":"","overlay-type":"","overlay-color":"","overlay-opacity":"","overlay-gradient":""}},"footnotes":""},"class_list":["post-632","page","type-page","status-publish","hentry"],"_links":{"self":[{"href":"https:\/\/www.pretheure.com\/fr\/wp-json\/wp\/v2\/pages\/632","targetHints":{"allow":["GET"]}}],"collection":[{"href":"https:\/\/www.pretheure.com\/fr\/wp-json\/wp\/v2\/pages"}],"about":[{"href":"https:\/\/www.pretheure.com\/fr\/wp-json\/wp\/v2\/types\/page"}],"author":[{"embeddable":true,"href":"https:\/\/www.pretheure.com\/fr\/wp-json\/wp\/v2\/users\/4"}],"replies":[{"embeddable":true,"href":"https:\/\/www.pretheure.com\/fr\/wp-json\/wp\/v2\/comments?post=632"}],"version-history":[{"count":0,"href":"https:\/\/www.pretheure.com\/fr\/wp-json\/wp\/v2\/pages\/632\/revisions"}],"wp:attachment":[{"href":"https:\/\/www.pretheure.com\/fr\/wp-json\/wp\/v2\/media?parent=632"}],"curies":[{"name":"wp","href":"https:\/\/api.w.org\/{rel}","templated":true}]}}