{"id":2088,"date":"2024-10-02T17:25:09","date_gmt":"2024-10-02T17:25:09","guid":{"rendered":"https:\/\/www.pretheure.com\/?page_id=2088"},"modified":"2024-11-21T16:40:33","modified_gmt":"2024-11-21T16:40:33","slug":"pret-1500","status":"publish","type":"page","link":"https:\/\/www.pretheure.com\/fr\/pret-1500\/","title":{"rendered":"Pr\u00eat de 1500$"},"content":{"rendered":"\t\t<div data-elementor-type=\"wp-page\" data-elementor-id=\"2088\" class=\"elementor elementor-2088 elementor-2087\" data-elementor-post-type=\"page\">\n\t\t\t\t<div class=\"elementor-element elementor-element-a815ac7 e-flex e-con-boxed e-con e-parent\" data-id=\"a815ac7\" data-element_type=\"container\" data-settings=\"{&quot;background_background&quot;:&quot;classic&quot;}\">\n\t\t\t\t\t<div class=\"e-con-inner\">\n\t\t\t\t<div class=\"elementor-element elementor-element-ac7f9bf elementor-widget elementor-widget-heading\" data-id=\"ac7f9bf\" data-element_type=\"widget\" data-widget_type=\"heading.default\">\n\t\t\t\t<div class=\"elementor-widget-container\">\n\t\t\t<style>\/*! elementor - v3.23.0 - 05-08-2024 *\/\n.elementor-heading-title{padding:0;margin:0;line-height:1}.elementor-widget-heading .elementor-heading-title[class*=elementor-size-]>a{color:inherit;font-size:inherit;line-height:inherit}.elementor-widget-heading .elementor-heading-title.elementor-size-small{font-size:15px}.elementor-widget-heading .elementor-heading-title.elementor-size-medium{font-size:19px}.elementor-widget-heading .elementor-heading-title.elementor-size-large{font-size:29px}.elementor-widget-heading .elementor-heading-title.elementor-size-xl{font-size:39px}.elementor-widget-heading .elementor-heading-title.elementor-size-xxl{font-size:59px}<\/style><h1 class=\"elementor-heading-title elementor-size-default\">Pr\u00eat de 1500$<\/h1>\t\t<\/div>\n\t\t\t\t<\/div>\n\t\t\t\t<div class=\"elementor-element elementor-element-dac0d20 elementor-widget elementor-widget-text-editor\" data-id=\"dac0d20\" data-element_type=\"widget\" data-widget_type=\"text-editor.default\">\n\t\t\t\t<div class=\"elementor-widget-container\">\n\t\t\t<style>\/*! elementor - v3.23.0 - 05-08-2024 *\/\n.elementor-widget-text-editor.elementor-drop-cap-view-stacked .elementor-drop-cap{background-color:#69727d;color:#fff}.elementor-widget-text-editor.elementor-drop-cap-view-framed .elementor-drop-cap{color:#69727d;border:3px solid;background-color:transparent}.elementor-widget-text-editor:not(.elementor-drop-cap-view-default) .elementor-drop-cap{margin-top:8px}.elementor-widget-text-editor:not(.elementor-drop-cap-view-default) .elementor-drop-cap-letter{width:1em;height:1em}.elementor-widget-text-editor .elementor-drop-cap{float:left;text-align:center;line-height:1;font-size:50px}.elementor-widget-text-editor .elementor-drop-cap-letter{display:inline-block}<\/style>\t\t\t\t<p>Vous avez besoin d&rsquo;un coup de pouce financier rapide ? Ne cherchez plus ! Pr\u00eatHeure vous offre un <strong>pr\u00eat de 1500$<\/strong> approuv\u00e9 instantan\u00e9ment, directement en ligne. Notre processus est simple, s\u00e9curitaire et con\u00e7u pour vous aider \u00e0 obtenir l&rsquo;argent dont vous avez besoin, quand vous en avez besoin.<\/p>\t\t\t\t\t\t<\/div>\n\t\t\t\t<\/div>\n\t\t\t\t<div class=\"elementor-element elementor-element-9b7eea0 elementor-mobile-align-justify elementor-align-center elementor-widget elementor-widget-button\" data-id=\"9b7eea0\" data-element_type=\"widget\" data-settings=\"{&quot;_animation&quot;:&quot;none&quot;}\" data-widget_type=\"button.default\">\n\t\t\t\t<div class=\"elementor-widget-container\">\n\t\t\t\t\t<div class=\"elementor-button-wrapper\">\n\t\t\t<a class=\"elementor-button elementor-button-link elementor-size-sm\" href=\"https:\/\/applications.pretheures.com\/\" target=\"_blank\" rel=\"noopener\">\n\t\t\t\t\t\t<span class=\"elementor-button-content-wrapper\">\n\t\t\t\t\t\t<span class=\"elementor-button-icon\">\n\t\t\t\t<svg aria-hidden=\"true\" class=\"e-font-icon-svg e-fas-arrow-right\" viewBox=\"0 0 448 512\" xmlns=\"http:\/\/www.w3.org\/2000\/svg\"><path d=\"M190.5 66.9l22.2-22.2c9.4-9.4 24.6-9.4 33.9 0L441 239c9.4 9.4 9.4 24.6 0 33.9L246.6 467.3c-9.4 9.4-24.6 9.4-33.9 0l-22.2-22.2c-9.5-9.5-9.3-25 .4-34.3L311.4 296H24c-13.3 0-24-10.7-24-24v-32c0-13.3 10.7-24 24-24h287.4L190.9 101.2c-9.8-9.3-10-24.8-.4-34.3z\"><\/path><\/svg>\t\t\t<\/span>\n\t\t\t\t\t\t\t\t\t<span class=\"elementor-button-text\">Obtenir mon pr\u00eat<\/span>\n\t\t\t\t\t<\/span>\n\t\t\t\t\t<\/a>\n\t\t<\/div>\n\t\t\t\t<\/div>\n\t\t\t\t<\/div>\n\t\t\t\t\t<\/div>\n\t\t\t\t<\/div>\n\t\t<div class=\"elementor-element elementor-element-36e65a2 e-flex e-con-boxed e-con e-parent\" data-id=\"36e65a2\" data-element_type=\"container\" data-settings=\"{&quot;background_background&quot;:&quot;classic&quot;}\">\n\t\t\t\t\t<div class=\"e-con-inner\">\n\t\t\t\t<div class=\"elementor-element elementor-element-1550b96 elementor-widget elementor-widget-heading\" data-id=\"1550b96\" data-element_type=\"widget\" data-widget_type=\"heading.default\">\n\t\t\t\t<div class=\"elementor-widget-container\">\n\t\t\t<h2 class=\"elementor-heading-title elementor-size-default\"><span>Processus pour un demande de pr\u00eat en ligne <\/span>\nObtenez votre argent en 3 simples \u00e9tapes!<\/h2>\t\t<\/div>\n\t\t\t\t<\/div>\n\t\t\t\t<div class=\"elementor-element elementor-element-de0f27f elementor-pagination-type-bullets elementor-pagination-position-outside elementor-widget elementor-widget-n-carousel\" data-id=\"de0f27f\" data-element_type=\"widget\" data-settings=\"{&quot;carousel_items&quot;:[{&quot;slide_title&quot;:&quot;Slide #1&quot;,&quot;_id&quot;:&quot;2900047&quot;},{&quot;slide_title&quot;:&quot;Slide #2&quot;,&quot;_id&quot;:&quot;2919c0b&quot;},{&quot;slide_title&quot;:&quot;Slide #3&quot;,&quot;_id&quot;:&quot;d0fbbda&quot;}],&quot;slides_to_show&quot;:&quot;3&quot;,&quot;slides_to_show_tablet&quot;:&quot;1&quot;,&quot;slides_to_scroll&quot;:&quot;1&quot;,&quot;slides_to_show_mobile&quot;:&quot;1&quot;,&quot;speed&quot;:500,&quot;pagination&quot;:&quot;bullets&quot;,&quot;image_spacing_custom&quot;:{&quot;unit&quot;:&quot;px&quot;,&quot;size&quot;:10,&quot;sizes&quot;:[]},&quot;image_spacing_custom_tablet&quot;:{&quot;unit&quot;:&quot;px&quot;,&quot;size&quot;:&quot;&quot;,&quot;sizes&quot;:[]},&quot;image_spacing_custom_mobile&quot;:{&quot;unit&quot;:&quot;px&quot;,&quot;size&quot;:&quot;&quot;,&quot;sizes&quot;:[]}}\" data-widget_type=\"nested-carousel.default\">\n\t\t\t\t<div class=\"elementor-widget-container\">\n\t\t\t<link rel=\"stylesheet\" href=\"https:\/\/www.pretheure.com\/wp-content\/plugins\/elementor-pro\/assets\/css\/widget-nested-carousel.min.css\">\t\t<div class=\"e-n-carousel swiper\" dir=\"ltr\">\n\t\t\t<div class=\"swiper-wrapper\" aria-live=\"polite\">\n\t\t\t\t\t\t\t\t\t\t<div class=\"swiper-slide\" data-slide=\"1\" role=\"group\" aria-roledescription=\"slide\" aria-label=\"1 of 3\">\n\t\t\t\t\t\t\t<div class=\"elementor-element elementor-element-cf3bf20 e-flex e-con-boxed e-con e-child\" data-id=\"cf3bf20\" data-element_type=\"container\">\n\t\t\t\t\t<div class=\"e-con-inner\">\n\t\t\t\t<div class=\"elementor-element elementor-element-5ce5989 elementor-widget elementor-widget-shortcode\" data-id=\"5ce5989\" data-element_type=\"widget\" data-widget_type=\"shortcode.default\">\n\t\t\t\t<div class=\"elementor-widget-container\">\n\t\t\t\t\t<div class=\"elementor-shortcode\">\t\t<div data-elementor-type=\"container\" data-elementor-id=\"816\" class=\"elementor elementor-816\" data-elementor-post-type=\"elementor_library\">\n\t\t\t\t<div class=\"elementor-element elementor-element-4e457270 e-con-full customheight e-flex e-con e-child\" data-id=\"4e457270\" data-element_type=\"container\" data-settings=\"{&quot;background_background&quot;:&quot;classic&quot;}\">\n\t\t<div class=\"elementor-element elementor-element-593bec13 e-con-full e-flex e-con e-child\" data-id=\"593bec13\" data-element_type=\"container\">\n\t\t\t\t<div class=\"elementor-element elementor-element-6563389a elementor-widget elementor-widget-heading\" data-id=\"6563389a\" data-element_type=\"widget\" data-widget_type=\"heading.default\">\n\t\t\t\t<div class=\"elementor-widget-container\">\n\t\t\t<h2 class=\"elementor-heading-title elementor-size-default\"><span>Application<\/span> \nrapide et facile<\/h2>\t\t<\/div>\n\t\t\t\t<\/div>\n\t\t\t\t<div class=\"elementor-element elementor-element-612a958d elementor-widget elementor-widget-text-editor\" data-id=\"612a958d\" data-element_type=\"widget\" data-widget_type=\"text-editor.default\">\n\t\t\t\t<div class=\"elementor-widget-container\">\n\t\t\t\t\t\t\tS\u00e9lectionnez le montant, le plan de remboursement et fournissez vos informations.\t\t\t\t\t\t<\/div>\n\t\t\t\t<\/div>\n\t\t\t\t<\/div>\n\t\t\t\t<div class=\"elementor-element elementor-element-4389bd2c elementor-widget elementor-widget-image\" data-id=\"4389bd2c\" data-element_type=\"widget\" data-widget_type=\"image.default\">\n\t\t\t\t<div class=\"elementor-widget-container\">\n\t\t\t<style>\/*! elementor - v3.23.0 - 05-08-2024 *\/\n.elementor-widget-image{text-align:center}.elementor-widget-image a{display:inline-block}.elementor-widget-image a img[src$=\".svg\"]{width:48px}.elementor-widget-image img{vertical-align:middle;display:inline-block}<\/style>\t\t\t\t\t\t\t\t\t\t<img fetchpriority=\"high\" decoding=\"async\" width=\"389\" height=\"316\" src=\"https:\/\/www.pretheure.com\/wp-content\/uploads\/2024\/09\/Application-rapide-et-facile-img.webp\" class=\"attachment-large size-large wp-image-276\" alt=\"Application rapide et facile img\" srcset=\"https:\/\/www.pretheure.com\/wp-content\/uploads\/2024\/09\/Application-rapide-et-facile-img.webp 389w, https:\/\/www.pretheure.com\/wp-content\/uploads\/2024\/09\/Application-rapide-et-facile-img-300x244.webp 300w\" sizes=\"(max-width: 389px) 100vw, 389px\" \/>\t\t\t\t\t\t\t\t\t\t\t\t\t<\/div>\n\t\t\t\t<\/div>\n\t\t\t\t<\/div>\n\t\t\t\t<\/div>\n\t\t<\/div>\n\t\t\t\t<\/div>\n\t\t\t\t<\/div>\n\t\t\t\t\t<\/div>\n\t\t\t\t<\/div>\n\t\t\t\t\t\t\t\t<\/div>\n\t\t\t\t\t\t\t\t\t\t\t<div class=\"swiper-slide\" data-slide=\"2\" role=\"group\" aria-roledescription=\"slide\" aria-label=\"2 of 3\">\n\t\t\t\t\t\t\t<div class=\"elementor-element elementor-element-a45b866 e-flex e-con-boxed e-con e-child\" data-id=\"a45b866\" data-element_type=\"container\">\n\t\t\t\t\t<div class=\"e-con-inner\">\n\t\t\t\t<div class=\"elementor-element elementor-element-e88fd22 elementor-widget elementor-widget-shortcode\" data-id=\"e88fd22\" data-element_type=\"widget\" data-widget_type=\"shortcode.default\">\n\t\t\t\t<div class=\"elementor-widget-container\">\n\t\t\t\t\t<div class=\"elementor-shortcode\">\t\t<div data-elementor-type=\"container\" data-elementor-id=\"819\" class=\"elementor elementor-819\" data-elementor-post-type=\"elementor_library\">\n\t\t\t\t<div class=\"elementor-element elementor-element-353c4c66 e-con-full customheight e-flex e-con e-child\" data-id=\"353c4c66\" data-element_type=\"container\" data-settings=\"{&quot;background_background&quot;:&quot;classic&quot;}\">\n\t\t<div class=\"elementor-element elementor-element-9dff18d e-con-full e-flex e-con e-child\" data-id=\"9dff18d\" data-element_type=\"container\">\n\t\t\t\t<div class=\"elementor-element elementor-element-71db1242 elementor-widget elementor-widget-heading\" data-id=\"71db1242\" data-element_type=\"widget\" data-widget_type=\"heading.default\">\n\t\t\t\t<div class=\"elementor-widget-container\">\n\t\t\t<h2 class=\"elementor-heading-title elementor-size-default\"><span>R\u00e9ponse<\/span> Instantan\u00e9e<\/h2>\t\t<\/div>\n\t\t\t\t<\/div>\n\t\t\t\t<div class=\"elementor-element elementor-element-37bfdb29 elementor-widget elementor-widget-text-editor\" data-id=\"37bfdb29\" data-element_type=\"widget\" data-widget_type=\"text-editor.default\">\n\t\t\t\t<div class=\"elementor-widget-container\">\n\t\t\t\t\t\t\t<p>Vous recevrez une d\u00e9cision rapide de notre \u00e9quipe face \u00e0 votre demande de pr\u00eat en ligne.<\/p>\t\t\t\t\t\t<\/div>\n\t\t\t\t<\/div>\n\t\t\t\t<\/div>\n\t\t\t\t<div class=\"elementor-element elementor-element-79e50622 elementor-widget elementor-widget-image\" data-id=\"79e50622\" data-element_type=\"widget\" data-widget_type=\"image.default\">\n\t\t\t\t<div class=\"elementor-widget-container\">\n\t\t\t\t\t\t\t\t\t\t\t\t\t<img decoding=\"async\" width=\"389\" height=\"316\" src=\"https:\/\/www.pretheure.com\/wp-content\/uploads\/2024\/09\/Reponse-Instantanee-img.webp\" class=\"attachment-large size-large wp-image-288\" alt=\"R\u00e9ponse Instantan\u00e9e img\" srcset=\"https:\/\/www.pretheure.com\/wp-content\/uploads\/2024\/09\/Reponse-Instantanee-img.webp 389w, https:\/\/www.pretheure.com\/wp-content\/uploads\/2024\/09\/Reponse-Instantanee-img-300x244.webp 300w\" sizes=\"(max-width: 389px) 100vw, 389px\" \/>\t\t\t\t\t\t\t\t\t\t\t\t\t<\/div>\n\t\t\t\t<\/div>\n\t\t\t\t<\/div>\n\t\t\t\t<\/div>\n\t\t<\/div>\n\t\t\t\t<\/div>\n\t\t\t\t<\/div>\n\t\t\t\t\t<\/div>\n\t\t\t\t<\/div>\n\t\t\t\t\t\t\t\t<\/div>\n\t\t\t\t\t\t\t\t\t\t\t<div class=\"swiper-slide\" data-slide=\"3\" role=\"group\" aria-roledescription=\"slide\" aria-label=\"3 of 3\">\n\t\t\t\t\t\t\t<div class=\"elementor-element elementor-element-5c631a2 e-flex e-con-boxed e-con e-child\" data-id=\"5c631a2\" data-element_type=\"container\">\n\t\t\t\t\t<div class=\"e-con-inner\">\n\t\t\t\t<div class=\"elementor-element elementor-element-632431a elementor-widget elementor-widget-shortcode\" data-id=\"632431a\" data-element_type=\"widget\" data-widget_type=\"shortcode.default\">\n\t\t\t\t<div class=\"elementor-widget-container\">\n\t\t\t\t\t<div class=\"elementor-shortcode\">\t\t<div data-elementor-type=\"container\" data-elementor-id=\"822\" class=\"elementor elementor-822\" data-elementor-post-type=\"elementor_library\">\n\t\t\t\t<div class=\"elementor-element elementor-element-16cea5d7 e-con-full customheight e-flex e-con e-child\" data-id=\"16cea5d7\" data-element_type=\"container\" data-settings=\"{&quot;background_background&quot;:&quot;classic&quot;}\">\n\t\t<div class=\"elementor-element elementor-element-59678fd7 e-con-full e-flex e-con e-child\" data-id=\"59678fd7\" data-element_type=\"container\">\n\t\t\t\t<div class=\"elementor-element elementor-element-14141569 elementor-widget elementor-widget-heading\" data-id=\"14141569\" data-element_type=\"widget\" data-widget_type=\"heading.default\">\n\t\t\t\t<div class=\"elementor-widget-container\">\n\t\t\t<h2 class=\"elementor-heading-title elementor-size-default\">Transfert <span>imm\u00e9diat<\/span> des Fonds<\/h2>\t\t<\/div>\n\t\t\t\t<\/div>\n\t\t\t\t<div class=\"elementor-element elementor-element-56e532ae elementor-widget elementor-widget-text-editor\" data-id=\"56e532ae\" data-element_type=\"widget\" data-widget_type=\"text-editor.default\">\n\t\t\t\t<div class=\"elementor-widget-container\">\n\t\t\t\t\t\t\t<p>Signez \u00e9lectroniquement et recevez vos fonds par virement \u00e9lectronique en 2 minutes. Sans complications !<\/p>\t\t\t\t\t\t<\/div>\n\t\t\t\t<\/div>\n\t\t\t\t<\/div>\n\t\t\t\t<div class=\"elementor-element elementor-element-7d08e42 elementor-widget elementor-widget-image\" data-id=\"7d08e42\" data-element_type=\"widget\" data-widget_type=\"image.default\">\n\t\t\t\t<div class=\"elementor-widget-container\">\n\t\t\t\t\t\t\t\t\t\t\t\t\t<img decoding=\"async\" width=\"389\" height=\"316\" src=\"https:\/\/www.pretheure.com\/wp-content\/uploads\/2024\/09\/Transfert-immediat-des-Fonds-img.webp\" class=\"attachment-large size-large wp-image-283\" alt=\"Transfert imm\u00e9diat des Fonds img\" srcset=\"https:\/\/www.pretheure.com\/wp-content\/uploads\/2024\/09\/Transfert-immediat-des-Fonds-img.webp 389w, https:\/\/www.pretheure.com\/wp-content\/uploads\/2024\/09\/Transfert-immediat-des-Fonds-img-300x244.webp 300w\" sizes=\"(max-width: 389px) 100vw, 389px\" \/>\t\t\t\t\t\t\t\t\t\t\t\t\t<\/div>\n\t\t\t\t<\/div>\n\t\t\t\t<\/div>\n\t\t\t\t<\/div>\n\t\t<\/div>\n\t\t\t\t<\/div>\n\t\t\t\t<\/div>\n\t\t\t\t\t<\/div>\n\t\t\t\t<\/div>\n\t\t\t\t\t\t\t\t<\/div>\n\t\t\t\t\t\t\t\t<\/div>\n\t\t<\/div>\n\t\t\t\t\t<div class=\"swiper-pagination\"><\/div>\n\t\t\t\t<\/div>\n\t\t\t\t<\/div>\n\t\t<div class=\"elementor-element elementor-element-7210f49 e-con-full e-flex e-con e-child\" data-id=\"7210f49\" data-element_type=\"container\">\n\t\t\t\t<div class=\"elementor-element elementor-element-4a935cb elementor-widget elementor-widget-html\" data-id=\"4a935cb\" data-element_type=\"widget\" data-widget_type=\"html.default\">\n\t\t\t\t<div class=\"elementor-widget-container\">\n\t\t\t<script>\r\n\r\njQuery(document).ready(function($) {\r\n    \/\/ Funci\u00f3n para ajustar min-height\r\n    function ajustarMinHeight() {\r\n        if ($(window).width() > 1024) {\r\n            var biggestHeight = 0;\r\n            $('.customheight').each(function() {\r\n                var currentHeight = $(this).outerHeight();\r\n                if (currentHeight > biggestHeight) {\r\n                    biggestHeight = currentHeight;\r\n                }\r\n            });\r\n            $('.customheight').css('min-height', biggestHeight + 'px');\r\n        } else {\r\n            \/\/ Resetear min-height en pantallas peque\u00f1as\r\n            $('.customheight').css('min-height', '');\r\n        }\r\n    }\r\n\r\n    \/\/ Ejecutar al cargar la p\u00e1gina\r\n    ajustarMinHeight();\r\n\r\n    \/\/ Ejecutar al cambiar el tama\u00f1o de la ventana\r\n    $(window).resize(function() {\r\n        ajustarMinHeight();\r\n    });\r\n});\r\n\r\n<\/script>\r\n\r\n\t\t<\/div>\n\t\t\t\t<\/div>\n\t\t\t\t<\/div>\n\t\t\t\t\t<\/div>\n\t\t\t\t<\/div>\n\t\t<div class=\"elementor-element elementor-element-1ac7fce e-flex e-con-boxed e-con e-parent\" data-id=\"1ac7fce\" data-element_type=\"container\">\n\t\t\t\t\t<div class=\"e-con-inner\">\n\t\t\t\t<div class=\"elementor-element elementor-element-57dacfe elementor-widget elementor-widget-heading\" data-id=\"57dacfe\" data-element_type=\"widget\" data-widget_type=\"heading.default\">\n\t\t\t\t<div class=\"elementor-widget-container\">\n\t\t\t<h2 class=\"elementor-heading-title elementor-size-default\">Pourquoi choisir <span>Pr\u00eatHeure<\/span> pour votre pr\u00eat de <span>1500$<\/span> ?<\/h2>\t\t<\/div>\n\t\t\t\t<\/div>\n\t\t<div class=\"elementor-element elementor-element-0d0b894 e-con-full e-flex e-con e-child\" data-id=\"0d0b894\" data-element_type=\"container\">\n\t\t<div class=\"elementor-element elementor-element-fe85502 e-con-full e-flex e-con e-child\" data-id=\"fe85502\" data-element_type=\"container\" data-settings=\"{&quot;background_background&quot;:&quot;classic&quot;}\">\n\t\t\t\t<div class=\"elementor-element elementor-element-deb1401 elementor-widget elementor-widget-text-editor\" data-id=\"deb1401\" data-element_type=\"widget\" data-widget_type=\"text-editor.default\">\n\t\t\t\t<div class=\"elementor-widget-container\">\n\t\t\t\t\t\t\t<p><strong>Approbation rapide\u00a0:<\/strong> Votre demande de pr\u00eat est trait\u00e9e en quelques minutes.<\/p>\t\t\t\t\t\t<\/div>\n\t\t\t\t<\/div>\n\t\t\t\t<\/div>\n\t\t<div class=\"elementor-element elementor-element-d553759 e-con-full e-flex e-con e-child\" data-id=\"d553759\" data-element_type=\"container\" data-settings=\"{&quot;background_background&quot;:&quot;classic&quot;}\">\n\t\t\t\t<div class=\"elementor-element elementor-element-17a5d24 elementor-widget elementor-widget-text-editor\" data-id=\"17a5d24\" data-element_type=\"widget\" data-widget_type=\"text-editor.default\">\n\t\t\t\t<div class=\"elementor-widget-container\">\n\t\t\t\t\t\t\t<p><strong>D\u00e9p\u00f4t direct\u00a0:<\/strong> L&rsquo;argent est d\u00e9pos\u00e9 directement dans votre compte bancaire.<\/p>\t\t\t\t\t\t<\/div>\n\t\t\t\t<\/div>\n\t\t\t\t<\/div>\n\t\t<div class=\"elementor-element elementor-element-45978de e-con-full e-flex e-con e-child\" data-id=\"45978de\" data-element_type=\"container\" data-settings=\"{&quot;background_background&quot;:&quot;classic&quot;}\">\n\t\t\t\t<div class=\"elementor-element elementor-element-c74398e elementor-widget elementor-widget-text-editor\" data-id=\"c74398e\" data-element_type=\"widget\" data-widget_type=\"text-editor.default\">\n\t\t\t\t<div class=\"elementor-widget-container\">\n\t\t\t\t\t\t\t<p><strong>Conditions flexibles\u00a0:<\/strong> Nous offrons des modalit\u00e9s de remboursement adapt\u00e9es \u00e0 votre situation.<\/p>\t\t\t\t\t\t<\/div>\n\t\t\t\t<\/div>\n\t\t\t\t<\/div>\n\t\t<div class=\"elementor-element elementor-element-36ac2eb e-con-full e-flex e-con e-child\" data-id=\"36ac2eb\" data-element_type=\"container\" data-settings=\"{&quot;background_background&quot;:&quot;classic&quot;}\">\n\t\t\t\t<div class=\"elementor-element elementor-element-47de2e1 elementor-widget elementor-widget-text-editor\" data-id=\"47de2e1\" data-element_type=\"widget\" data-widget_type=\"text-editor.default\">\n\t\t\t\t<div class=\"elementor-widget-container\">\n\t\t\t\t\t\t\t<p><strong>Service \u00e0 la client\u00e8le exceptionnel\u00a0:<\/strong> Notre \u00e9quipe est l\u00e0 pour vous aider \u00e0 chaque \u00e9tape.<\/p>\t\t\t\t\t\t<\/div>\n\t\t\t\t<\/div>\n\t\t\t\t<\/div>\n\t\t\t\t<\/div>\n\t\t\t\t\t<\/div>\n\t\t\t\t<\/div>\n\t\t<div class=\"elementor-element elementor-element-f94ac6f e-flex e-con-boxed e-con e-parent\" data-id=\"f94ac6f\" data-element_type=\"container\" data-settings=\"{&quot;background_background&quot;:&quot;classic&quot;,&quot;animation&quot;:&quot;none&quot;}\">\n\t\t\t\t\t<div class=\"e-con-inner\">\n\t\t<div class=\"elementor-element elementor-element-bef8113 e-con-full e-flex e-con e-child\" data-id=\"bef8113\" data-element_type=\"container\">\n\t\t\t\t<div class=\"elementor-element elementor-element-471d0f4 elementor-widget elementor-widget-heading\" data-id=\"471d0f4\" data-element_type=\"widget\" data-widget_type=\"heading.default\">\n\t\t\t\t<div class=\"elementor-widget-container\">\n\t\t\t<h2 class=\"elementor-heading-title elementor-size-default\">N'attendez plus ! <br>\nDemandez votre pr\u00eat d\u00e8s maintenant<\/h2>\t\t<\/div>\n\t\t\t\t<\/div>\n\t\t\t\t<div class=\"elementor-element elementor-element-10808ab elementor-widget elementor-widget-text-editor\" data-id=\"10808ab\" data-element_type=\"widget\" data-widget_type=\"text-editor.default\">\n\t\t\t\t<div class=\"elementor-widget-container\">\n\t\t\t\t\t\t\tNe laissez pas un manque temporaire de liquidit\u00e9s vous stresser. Avec Pr\u00eatHeure, vous pouvez obtenir le\u00a0pr\u00eat de 250$\u00a0dont vous avez besoin rapidement et facilement. Remplissez notre formulaire en ligne d\u00e8s aujourd&rsquo;hui et prenez le contr\u00f4le de vos finances !\t\t\t\t\t\t<\/div>\n\t\t\t\t<\/div>\n\t\t\t\t<\/div>\n\t\t\t\t\t<\/div>\n\t\t\t\t<\/div>\n\t\t\t\t<\/div>\n\t\t","protected":false},"excerpt":{"rendered":"<p>Pr\u00eat de 1500$ Vous avez besoin d&rsquo;un coup de pouce financier rapide ? Ne cherchez plus ! Pr\u00eatHeure vous offre [&hellip;]<\/p>\n","protected":false},"author":4,"featured_media":0,"parent":0,"menu_order":0,"comment_status":"closed","ping_status":"closed","template":"","meta":{"site-sidebar-layout":"no-sidebar","site-content-layout":"","ast-site-content-layout":"full-width-container","site-content-style":"default","site-sidebar-style":"default","ast-global-header-display":"","ast-banner-title-visibility":"","ast-main-header-display":"","ast-hfb-above-header-display":"","ast-hfb-below-header-display":"","ast-hfb-mobile-header-display":"","site-post-title":"disabled","ast-breadcrumbs-content":"","ast-featured-img":"disabled","footer-sml-layout":"","theme-transparent-header-meta":"default","adv-header-id-meta":"","stick-header-meta":"","header-above-stick-meta":"","header-main-stick-meta":"","header-below-stick-meta":"","astra-migrate-meta-layouts":"set","ast-page-background-enabled":"default","ast-page-background-meta":{"desktop":{"background-color":"var(--ast-global-color-4)","background-image":"","background-repeat":"repeat","background-position":"center center","background-size":"auto","background-attachment":"scroll","background-type":"","background-media":"","overlay-type":"","overlay-color":"","overlay-opacity":"","overlay-gradient":""},"tablet":{"background-color":"","background-image":"","background-repeat":"repeat","background-position":"center center","background-size":"auto","background-attachment":"scroll","background-type":"","background-media":"","overlay-type":"","overlay-color":"","overlay-opacity":"","overlay-gradient":""},"mobile":{"background-color":"","background-image":"","background-repeat":"repeat","background-position":"center center","background-size":"auto","background-attachment":"scroll","background-type":"","background-media":"","overlay-type":"","overlay-color":"","overlay-opacity":"","overlay-gradient":""}},"ast-content-background-meta":{"desktop":{"background-color":"var(--ast-global-color-5)","background-image":"","background-repeat":"repeat","background-position":"center center","background-size":"auto","background-attachment":"scroll","background-type":"","background-media":"","overlay-type":"","overlay-color":"","overlay-opacity":"","overlay-gradient":""},"tablet":{"background-color":"var(--ast-global-color-5)","background-image":"","background-repeat":"repeat","background-position":"center center","background-size":"auto","background-attachment":"scroll","background-type":"","background-media":"","overlay-type":"","overlay-color":"","overlay-opacity":"","overlay-gradient":""},"mobile":{"background-color":"var(--ast-global-color-5)","background-image":"","background-repeat":"repeat","background-position":"center center","background-size":"auto","background-attachment":"scroll","background-type":"","background-media":"","overlay-type":"","overlay-color":"","overlay-opacity":"","overlay-gradient":""}},"footnotes":""},"class_list":["post-2088","page","type-page","status-publish","hentry"],"_links":{"self":[{"href":"https:\/\/www.pretheure.com\/fr\/wp-json\/wp\/v2\/pages\/2088","targetHints":{"allow":["GET"]}}],"collection":[{"href":"https:\/\/www.pretheure.com\/fr\/wp-json\/wp\/v2\/pages"}],"about":[{"href":"https:\/\/www.pretheure.com\/fr\/wp-json\/wp\/v2\/types\/page"}],"author":[{"embeddable":true,"href":"https:\/\/www.pretheure.com\/fr\/wp-json\/wp\/v2\/users\/4"}],"replies":[{"embeddable":true,"href":"https:\/\/www.pretheure.com\/fr\/wp-json\/wp\/v2\/comments?post=2088"}],"version-history":[{"count":0,"href":"https:\/\/www.pretheure.com\/fr\/wp-json\/wp\/v2\/pages\/2088\/revisions"}],"wp:attachment":[{"href":"https:\/\/www.pretheure.com\/fr\/wp-json\/wp\/v2\/media?parent=2088"}],"curies":[{"name":"wp","href":"https:\/\/api.w.org\/{rel}","templated":true}]}}